{"id":50,"date":"2025-02-13T05:32:39","date_gmt":"2025-02-13T05:32:39","guid":{"rendered":"https:\/\/wingsoflifecr.com\/?page_id=50"},"modified":"2025-02-15T18:50:16","modified_gmt":"2025-02-15T18:50:16","slug":"operational-capacity","status":"publish","type":"page","link":"https:\/\/wingsoflifecr.com\/es\/operational-capacity\/","title":{"rendered":"Operational Capacity"},"content":{"rendered":"<div data-elementor-type=\"wp-page\" data-elementor-id=\"50\" class=\"elementor elementor-50\" data-elementor-post-type=\"page\">\n\t\t\t\t<div class=\"elementor-element elementor-element-dd73f6e e-flex e-con-boxed e-con e-parent\" data-id=\"dd73f6e\" data-element_type=\"container\">\n\t\t\t\t\t<div class=\"e-con-inner\">\n\t\t\t\t<div class=\"elementor-element elementor-element-a579520 animated-slow elementor-invisible elementor-widget elementor-widget-heading\" data-id=\"a579520\" data-element_type=\"widget\" data-settings=\"{&quot;_animation&quot;:&quot;fadeIn&quot;}\" data-widget_type=\"heading.default\">\n\t\t\t\t<div class=\"elementor-widget-container\">\n\t\t\t\t\t<h2 class=\"elementor-heading-title elementor-size-default translation-block\">Fleet Description: <br> <span class=\"clipped-text\" style=\"font-style: italic;background-color: #E9511D;background-color:##E9511D;color:#fff;padding:2px 20px\">Helicopter Specialists<\/span><\/h2>\t\t\t\t<\/div>\n\t\t\t\t<\/div>\n\t\t<div class=\"elementor-element elementor-element-c0aa297 e-con-full e-flex e-con e-child\" data-id=\"c0aa297\" data-element_type=\"container\">\n\t\t<div class=\"elementor-element elementor-element-4b79d85 e-con-full animated-slow e-flex elementor-invisible e-con e-child\" data-id=\"4b79d85\" data-element_type=\"container\" data-settings=\"{&quot;background_background&quot;:&quot;classic&quot;,&quot;animation&quot;:&quot;fadeIn&quot;}\">\n\t\t\t\t<div class=\"elementor-element elementor-element-a1e59a5 elementor-widget elementor-widget-spacer\" data-id=\"a1e59a5\" data-element_type=\"widget\" data-widget_type=\"spacer.default\">\n\t\t\t\t<div class=\"elementor-widget-container\">\n\t\t\t\t\t\t\t<div class=\"elementor-spacer\">\n\t\t\t<div class=\"elementor-spacer-inner\"><\/div>\n\t\t<\/div>\n\t\t\t\t\t\t<\/div>\n\t\t\t\t<\/div>\n\t\t\t\t<\/div>\n\t\t\t\t<\/div>\n\t\t\t\t<div class=\"elementor-element elementor-element-ac5b608 animated-slow elementor-invisible elementor-widget elementor-widget-text-editor\" data-id=\"ac5b608\" data-element_type=\"widget\" data-settings=\"{&quot;_animation&quot;:&quot;fadeIn&quot;}\" data-widget_type=\"text-editor.default\">\n\t\t\t\t<div class=\"elementor-widget-container\">\n\t\t\t\t\t\t\t\t\t<p>At WINGS OF LIFE, we are specialists in operating high-performance helicopters, offering a safe, efficient and quality service. Our fleet includes top-of-the-line aircraft, including the renowned Bell 206 and Bell 407 models, widely valued for their reliability, maneuverability and ability to operate in demanding conditions. These aircraft are ideal for aeromedical evacuation missions, rescues in hard-to-reach areas and rapid patient transfers.<\/p><p>We are proud to be a Bell-certified workshop, which allows us to maintain our aircraft under the highest maintenance and safety standards. This recognition guarantees that each of our helicopters is subject to rigorous quality controls and meets the manufacturer&#8217;s specifications, ensuring optimal performance in each operation.<\/p><p>With WINGS OF LIFE, our clients can rely on a fleet of state-of-the-art helicopters, supported by a certified and highly trained maintenance team.<\/p>\t\t\t\t\t\t\t\t<\/div>\n\t\t\t\t<\/div>\n\t\t<div class=\"elementor-element elementor-element-1230223 e-con-full e-flex e-con e-child\" data-id=\"1230223\" data-element_type=\"container\">\n\t\t<div class=\"elementor-element elementor-element-d64830d e-con-full e-flex e-con e-child\" data-id=\"d64830d\" data-element_type=\"container\">\n\t\t<div class=\"elementor-element elementor-element-c497fc0 e-con-full e-flex e-con e-child\" data-id=\"c497fc0\" data-element_type=\"container\" data-settings=\"{&quot;background_background&quot;:&quot;classic&quot;}\">\n\t\t\t\t<div class=\"elementor-element elementor-element-24def86 elementor-widget elementor-widget-spacer\" data-id=\"24def86\" data-element_type=\"widget\" data-widget_type=\"spacer.default\">\n\t\t\t\t<div class=\"elementor-widget-container\">\n\t\t\t\t\t\t\t<div class=\"elementor-spacer\">\n\t\t\t<div class=\"elementor-spacer-inner\"><\/div>\n\t\t<\/div>\n\t\t\t\t\t\t<\/div>\n\t\t\t\t<\/div>\n\t\t\t\t<\/div>\n\t\t<div class=\"elementor-element elementor-element-ce87ca5 e-con-full e-flex e-con e-child\" data-id=\"ce87ca5\" data-element_type=\"container\" data-settings=\"{&quot;background_background&quot;:&quot;classic&quot;}\">\n\t\t\t\t<div class=\"elementor-element elementor-element-f42ab63 elementor-widget elementor-widget-spacer\" data-id=\"f42ab63\" data-element_type=\"widget\" data-widget_type=\"spacer.default\">\n\t\t\t\t<div class=\"elementor-widget-container\">\n\t\t\t\t\t\t\t<div class=\"elementor-spacer\">\n\t\t\t<div class=\"elementor-spacer-inner\"><\/div>\n\t\t<\/div>\n\t\t\t\t\t\t<\/div>\n\t\t\t\t<\/div>\n\t\t\t\t<\/div>\n\t\t\t\t<\/div>\n\t\t\t\t<\/div>\n\t\t\t\t<div class=\"elementor-element elementor-element-03ce3a7 animated-slow elementor-align-center elementor-invisible elementor-widget elementor-widget-button\" data-id=\"03ce3a7\" data-element_type=\"widget\" data-settings=\"{&quot;_animation&quot;:&quot;fadeIn&quot;,&quot;_animation_delay&quot;:200}\" data-widget_type=\"button.default\">\n\t\t\t\t<div class=\"elementor-widget-container\">\n\t\t\t\t\t\t\t\t\t<div class=\"elementor-button-wrapper\">\n\t\t\t\t\t<a class=\"elementor-button elementor-button-link elementor-size-sm\" href=\"https:\/\/wingsoflifecr.com\/es\/contact\/\">\n\t\t\t\t\t\t<span class=\"elementor-button-content-wrapper\">\n\t\t\t\t\t\t\t\t\t<span class=\"elementor-button-text\">Request service<\/span>\n\t\t\t\t\t<\/span>\n\t\t\t\t\t<\/a>\n\t\t\t\t<\/div>\n\t\t\t\t\t\t\t\t<\/div>\n\t\t\t\t<\/div>\n\t\t\t\t\t<\/div>\n\t\t\t\t<\/div>\n\t\t<div class=\"elementor-element elementor-element-0e7a86c e-con-full e-flex e-con e-parent\" data-id=\"0e7a86c\" data-element_type=\"container\" data-settings=\"{&quot;background_background&quot;:&quot;classic&quot;}\">\n\t\t\t\t<div class=\"elementor-element elementor-element-bee48b5 animated-slow elementor-invisible elementor-widget elementor-widget-heading\" data-id=\"bee48b5\" data-element_type=\"widget\" data-settings=\"{&quot;_animation&quot;:&quot;fadeIn&quot;}\" data-widget_type=\"heading.default\">\n\t\t\t\t<div class=\"elementor-widget-container\">\n\t\t\t\t\t<h2 class=\"elementor-heading-title elementor-size-default\">Medical staff<\/h2>\t\t\t\t<\/div>\n\t\t\t\t<\/div>\n\t\t<div class=\"elementor-element elementor-element-0b228f7 e-con-full e-flex e-con e-child\" data-id=\"0b228f7\" data-element_type=\"container\">\n\t\t<div class=\"elementor-element elementor-element-7d01099 e-con-full animated-slow e-flex elementor-invisible e-con e-child\" data-id=\"7d01099\" data-element_type=\"container\" data-settings=\"{&quot;background_background&quot;:&quot;classic&quot;,&quot;animation&quot;:&quot;fadeIn&quot;,&quot;animation_delay&quot;:200}\">\n\t\t\t\t<div class=\"elementor-element elementor-element-f8562b1 elementor-widget elementor-widget-spacer\" data-id=\"f8562b1\" data-element_type=\"widget\" data-widget_type=\"spacer.default\">\n\t\t\t\t<div class=\"elementor-widget-container\">\n\t\t\t\t\t\t\t<div class=\"elementor-spacer\">\n\t\t\t<div class=\"elementor-spacer-inner\"><\/div>\n\t\t<\/div>\n\t\t\t\t\t\t<\/div>\n\t\t\t\t<\/div>\n\t\t\t\t<\/div>\n\t\t<div class=\"elementor-element elementor-element-0d79a25 e-con-full animated-slow e-flex elementor-invisible e-con e-child\" data-id=\"0d79a25\" data-element_type=\"container\" data-settings=\"{&quot;background_background&quot;:&quot;classic&quot;,&quot;animation&quot;:&quot;fadeIn&quot;,&quot;animation_delay&quot;:600}\">\n\t\t\t\t<div class=\"elementor-element elementor-element-f595085 elementor-widget elementor-widget-spacer\" data-id=\"f595085\" data-element_type=\"widget\" data-widget_type=\"spacer.default\">\n\t\t\t\t<div class=\"elementor-widget-container\">\n\t\t\t\t\t\t\t<div class=\"elementor-spacer\">\n\t\t\t<div class=\"elementor-spacer-inner\"><\/div>\n\t\t<\/div>\n\t\t\t\t\t\t<\/div>\n\t\t\t\t<\/div>\n\t\t\t\t<\/div>\n\t\t<div class=\"elementor-element elementor-element-428b337 e-con-full animated-slow e-flex elementor-invisible e-con e-child\" data-id=\"428b337\" data-element_type=\"container\" data-settings=\"{&quot;background_background&quot;:&quot;classic&quot;,&quot;animation&quot;:&quot;fadeIn&quot;,&quot;animation_delay&quot;:800}\">\n\t\t\t\t<div class=\"elementor-element elementor-element-9090024 elementor-widget elementor-widget-spacer\" data-id=\"9090024\" data-element_type=\"widget\" data-widget_type=\"spacer.default\">\n\t\t\t\t<div class=\"elementor-widget-container\">\n\t\t\t\t\t\t\t<div class=\"elementor-spacer\">\n\t\t\t<div class=\"elementor-spacer-inner\"><\/div>\n\t\t<\/div>\n\t\t\t\t\t\t<\/div>\n\t\t\t\t<\/div>\n\t\t\t\t<\/div>\n\t\t\t\t<\/div>\n\t\t<div class=\"elementor-element elementor-element-52f49b0 e-flex e-con-boxed e-con e-child\" data-id=\"52f49b0\" data-element_type=\"container\">\n\t\t\t\t\t<div class=\"e-con-inner\">\n\t\t\t\t<div class=\"elementor-element elementor-element-b6a690e animated-slow elementor-invisible elementor-widget elementor-widget-text-editor\" data-id=\"b6a690e\" data-element_type=\"widget\" data-settings=\"{&quot;_animation&quot;:&quot;fadeIn&quot;}\" data-widget_type=\"text-editor.default\">\n\t\t\t\t<div class=\"elementor-widget-container\">\n\t\t\t\t\t\t\t\t\t<p class=\"translation-block\">At <strong>WINGS OF LIFE<\/strong>, we have a team of highly trained doctors, nurses and paramedics certified in aeromedicine, a subspecialty of aerospace medicine. Our professionals fully understand the challenges that an air environment can present for a critical patient, such as variations in altitude and atmospheric pressure, always ensuring specialized and safe care.<\/p><p>In addition to our onboard team, we have a network of medical specialists in various areas of medicine, which allows us to offer a comprehensive approach to each patient. Depending on the medical condition and specific needs, we coordinate with specialists in cardiology, neurology, traumatology, among other areas, ensuring that the patient receives the appropriate care from the moment of transfer to their final destination. This collaboration with medical experts ensures that each case is addressed in a personalized manner and with the utmost rigor, providing peace of mind and confidence to our clients.<\/p><p class=\"translation-block\">With <strong>WINGS OF LIFE<\/strong>, you can be assured of having a specialized medical team and a support network that offers you comprehensive, quality treatment, both on the ground and in the air.<\/p>\t\t\t\t\t\t\t\t<\/div>\n\t\t\t\t<\/div>\n\t\t\t\t\t<\/div>\n\t\t\t\t<\/div>\n\t\t\t\t<\/div>\n\t\t<div class=\"elementor-element elementor-element-96d21f3 e-con-full e-flex e-con e-parent\" data-id=\"96d21f3\" data-element_type=\"container\" data-settings=\"{&quot;background_background&quot;:&quot;classic&quot;}\">\n\t\t\t\t<div class=\"elementor-element elementor-element-c8527e3 animated-slow elementor-invisible elementor-widget elementor-widget-heading\" data-id=\"c8527e3\" data-element_type=\"widget\" data-settings=\"{&quot;_animation&quot;:&quot;fadeIn&quot;}\" data-widget_type=\"heading.default\">\n\t\t\t\t<div class=\"elementor-widget-container\">\n\t\t\t\t\t<h2 class=\"elementor-heading-title elementor-size-default\">Geographic Coverage<\/h2>\t\t\t\t<\/div>\n\t\t\t\t<\/div>\n\t\t<div class=\"elementor-element elementor-element-ea1ab76 e-con-full e-flex e-con e-child\" data-id=\"ea1ab76\" data-element_type=\"container\">\n\t\t<div class=\"elementor-element elementor-element-5d64936 e-con-full animated-slow e-flex elementor-invisible e-con e-child\" data-id=\"5d64936\" data-element_type=\"container\" data-settings=\"{&quot;background_background&quot;:&quot;classic&quot;,&quot;animation&quot;:&quot;fadeIn&quot;,&quot;animation_delay&quot;:800}\">\n\t\t\t\t<div class=\"elementor-element elementor-element-96ae8cb elementor-widget elementor-widget-spacer\" data-id=\"96ae8cb\" data-element_type=\"widget\" data-widget_type=\"spacer.default\">\n\t\t\t\t<div class=\"elementor-widget-container\">\n\t\t\t\t\t\t\t<div class=\"elementor-spacer\">\n\t\t\t<div class=\"elementor-spacer-inner\"><\/div>\n\t\t<\/div>\n\t\t\t\t\t\t<\/div>\n\t\t\t\t<\/div>\n\t\t\t\t<\/div>\n\t\t\t\t<\/div>\n\t\t<div class=\"elementor-element elementor-element-78f4b16 e-flex e-con-boxed e-con e-child\" data-id=\"78f4b16\" data-element_type=\"container\">\n\t\t\t\t\t<div class=\"e-con-inner\">\n\t\t\t\t<div class=\"elementor-element elementor-element-501db57 animated-slow elementor-invisible elementor-widget elementor-widget-text-editor\" data-id=\"501db57\" data-element_type=\"widget\" data-settings=\"{&quot;_animation&quot;:&quot;fadeIn&quot;}\" data-widget_type=\"text-editor.default\">\n\t\t\t\t<div class=\"elementor-widget-container\">\n\t\t\t\t\t\t\t\t\t<p class=\"translation-block\">At <strong>WINGS OF LIFE<\/strong>, we offer strategic geographic coverage in Costa Rica, operating from two key bases. <strong>Our main base<\/strong> is located at the <strong>Tob\u00edas Bola\u00f1os Palma International Airport<\/strong>, located in San Jos\u00e9, which allows us to respond to emergencies quickly and efficiently in the capital and surrounding areas. In addition, we have a second base in Guardia, Liberia, Guanacaste, which ideally positions us to provide our services along the North Pacific coastal region, where much of the country\u2019s tourism and business development is concentrated.<\/p><p>These bases allow us to respond quickly anywhere in the country, ensuring that our aeromedical evacuation services, critical care, and specialized transportation reach urban and remote areas with the same efficiency. Thanks to our geographic coverage, we can ensure that no matter where the patient is, our team will be ready to intervene and offer the necessary emergency medical care.<\/p>\t\t\t\t\t\t\t\t<\/div>\n\t\t\t\t<\/div>\n\t\t\t\t\t<\/div>\n\t\t\t\t<\/div>\n\t\t\t\t<\/div>\n\t\t<div class=\"elementor-element elementor-element-d566ce6 e-con-full e-flex e-con e-parent\" data-id=\"d566ce6\" data-element_type=\"container\" data-settings=\"{&quot;background_background&quot;:&quot;classic&quot;}\">\n\t\t\t\t<div class=\"elementor-element elementor-element-e56b8e7 animated-slow elementor-invisible elementor-widget elementor-widget-heading\" data-id=\"e56b8e7\" data-element_type=\"widget\" data-settings=\"{&quot;_animation&quot;:&quot;fadeIn&quot;}\" data-widget_type=\"heading.default\">\n\t\t\t\t<div class=\"elementor-widget-container\">\n\t\t\t\t\t<h2 class=\"elementor-heading-title elementor-size-default\">Response times<\/h2>\t\t\t\t<\/div>\n\t\t\t\t<\/div>\n\t\t<div class=\"elementor-element elementor-element-8fd6a77 e-con-full e-flex e-con e-child\" data-id=\"8fd6a77\" data-element_type=\"container\" data-settings=\"{&quot;background_background&quot;:&quot;classic&quot;}\">\n\t\t<div class=\"elementor-element elementor-element-8ece6d6 e-con-full e-flex e-con e-child\" data-id=\"8ece6d6\" data-element_type=\"container\" data-settings=\"{&quot;background_background&quot;:&quot;classic&quot;}\">\n\t\t\t\t<div class=\"elementor-element elementor-element-726f9a6 elementor-widget elementor-widget-spacer\" data-id=\"726f9a6\" data-element_type=\"widget\" data-widget_type=\"spacer.default\">\n\t\t\t\t<div class=\"elementor-widget-container\">\n\t\t\t\t\t\t\t<div class=\"elementor-spacer\">\n\t\t\t<div class=\"elementor-spacer-inner\"><\/div>\n\t\t<\/div>\n\t\t\t\t\t\t<\/div>\n\t\t\t\t<\/div>\n\t\t\t\t<\/div>\n\t\t<div class=\"elementor-element elementor-element-8d06e3f e-con-full e-flex e-con e-child\" data-id=\"8d06e3f\" data-element_type=\"container\">\n\t\t\t\t<div class=\"elementor-element elementor-element-6ad1340 animated-slow elementor-invisible elementor-widget elementor-widget-text-editor\" data-id=\"6ad1340\" data-element_type=\"widget\" data-settings=\"{&quot;_animation&quot;:&quot;fadeIn&quot;}\" data-widget_type=\"text-editor.default\">\n\t\t\t\t<div class=\"elementor-widget-container\">\n\t\t\t\t\t\t\t\t\t<p class=\"translation-block\">At <strong>WINGS OF LIFE<\/strong>, we are committed to providing fast and efficient service. From our main base at <strong>Tob\u00edas Bola\u00f1os Palma International Airport, San Jos\u00e9,<\/strong> our response times are, on average, 2 hours, depending on the patient\u2019s location and operating conditions.<\/p><p class=\"translation-block\">At our <strong>base in Guardia, Liberia, Guanacaste<\/strong>, where proximity to tourist and business areas is critical, our response times are even faster, averaging less than 1 hour. This allows us to intervene almost immediately in emergency situations in that key region of the country.<\/p><p class=\"translation-block\">While we are prepared to mobilize quickly, some external factors, such as permits or necessary paperwork, may influence the total service activation time. However, our internal procedures are optimized to ensure that, from the moment the request is received, our team is ready to take off as soon as possible, minimizing any delays. <strong>WINGS OF LIFE<\/strong> guarantees maximum efficiency in air medical response, prioritizing the safety and well-being of the patient.<\/p>\t\t\t\t\t\t\t\t<\/div>\n\t\t\t\t<\/div>\n\t\t\t\t<\/div>\n\t\t\t\t<\/div>\n\t\t\t\t<\/div>\n\t\t<div class=\"elementor-element elementor-element-47ae67f e-con-full e-flex e-con e-parent\" data-id=\"47ae67f\" data-element_type=\"container\" data-settings=\"{&quot;background_background&quot;:&quot;classic&quot;}\">\n\t\t<div class=\"elementor-element elementor-element-77edb7c e-flex e-con-boxed e-con e-child\" data-id=\"77edb7c\" data-element_type=\"container\">\n\t\t\t\t\t<div class=\"e-con-inner\">\n\t\t\t\t<div class=\"elementor-element elementor-element-0a3162d animated-slow elementor-invisible elementor-widget elementor-widget-heading\" data-id=\"0a3162d\" data-element_type=\"widget\" data-settings=\"{&quot;_animation&quot;:&quot;fadeIn&quot;}\" data-widget_type=\"heading.default\">\n\t\t\t\t<div class=\"elementor-widget-container\">\n\t\t\t\t\t<h2 class=\"elementor-heading-title elementor-size-default translation-block\">Technology and safety<br> <span class=\"clipped-text\" style=\"font-style: italic;background-color: #E9511D;background-color:##E9511D;color:#fff;padding:2px 20px\">medical equipment on board<\/span><\/h2>\t\t\t\t<\/div>\n\t\t\t\t<\/div>\n\t\t<div class=\"elementor-element elementor-element-14b3987 e-con-full e-flex e-con e-child\" data-id=\"14b3987\" data-element_type=\"container\">\n\t\t<div class=\"elementor-element elementor-element-f8462f0 e-con-full animated-slow e-flex elementor-invisible e-con e-child\" data-id=\"f8462f0\" data-element_type=\"container\" data-settings=\"{&quot;background_background&quot;:&quot;classic&quot;,&quot;animation&quot;:&quot;fadeIn&quot;,&quot;animation_delay&quot;:200}\">\n\t\t\t\t<div class=\"elementor-element elementor-element-570deb7 elementor-widget elementor-widget-spacer\" data-id=\"570deb7\" data-element_type=\"widget\" data-widget_type=\"spacer.default\">\n\t\t\t\t<div class=\"elementor-widget-container\">\n\t\t\t\t\t\t\t<div class=\"elementor-spacer\">\n\t\t\t<div class=\"elementor-spacer-inner\"><\/div>\n\t\t<\/div>\n\t\t\t\t\t\t<\/div>\n\t\t\t\t<\/div>\n\t\t\t\t<\/div>\n\t\t<div class=\"elementor-element elementor-element-3ee3372 e-con-full animated-slow e-flex elementor-invisible e-con e-child\" data-id=\"3ee3372\" data-element_type=\"container\" data-settings=\"{&quot;background_background&quot;:&quot;classic&quot;,&quot;animation&quot;:&quot;fadeIn&quot;,&quot;animation_delay&quot;:600}\">\n\t\t\t\t<div class=\"elementor-element elementor-element-96c92bf elementor-widget elementor-widget-spacer\" data-id=\"96c92bf\" data-element_type=\"widget\" data-widget_type=\"spacer.default\">\n\t\t\t\t<div class=\"elementor-widget-container\">\n\t\t\t\t\t\t\t<div class=\"elementor-spacer\">\n\t\t\t<div class=\"elementor-spacer-inner\"><\/div>\n\t\t<\/div>\n\t\t\t\t\t\t<\/div>\n\t\t\t\t<\/div>\n\t\t\t\t<\/div>\n\t\t<div class=\"elementor-element elementor-element-09f9b14 e-con-full animated-slow e-flex elementor-invisible e-con e-child\" data-id=\"09f9b14\" data-element_type=\"container\" data-settings=\"{&quot;background_background&quot;:&quot;classic&quot;,&quot;animation&quot;:&quot;fadeIn&quot;,&quot;animation_delay&quot;:800}\">\n\t\t\t\t<div class=\"elementor-element elementor-element-9963100 elementor-widget elementor-widget-spacer\" data-id=\"9963100\" data-element_type=\"widget\" data-widget_type=\"spacer.default\">\n\t\t\t\t<div class=\"elementor-widget-container\">\n\t\t\t\t\t\t\t<div class=\"elementor-spacer\">\n\t\t\t<div class=\"elementor-spacer-inner\"><\/div>\n\t\t<\/div>\n\t\t\t\t\t\t<\/div>\n\t\t\t\t<\/div>\n\t\t\t\t<\/div>\n\t\t\t\t<\/div>\n\t\t\t\t\t<\/div>\n\t\t\t\t<\/div>\n\t\t<div class=\"elementor-element elementor-element-c5797ea e-flex e-con-boxed e-con e-child\" data-id=\"c5797ea\" data-element_type=\"container\">\n\t\t\t\t\t<div class=\"e-con-inner\">\n\t\t\t\t<div class=\"elementor-element elementor-element-caa79b2 animated-slow elementor-invisible elementor-widget elementor-widget-text-editor\" data-id=\"caa79b2\" data-element_type=\"widget\" data-settings=\"{&quot;_animation&quot;:&quot;fadeIn&quot;}\" data-widget_type=\"text-editor.default\">\n\t\t\t\t<div class=\"elementor-widget-container\">\n\t\t\t\t\t\t\t\t\t<p class=\"translation-block\">At <strong>WINGS OF LIFE<\/strong>, we focus on maintaining a state-of-the-art ecosystem of medical equipment on board our aircraft, ensuring the accuracy and reliability of critical medical information. Each aircraft is equipped with advanced monitoring and life support technology, designed to provide real-time data on the patient\u2019s status. This equipment allows our medical staff to have constant and accurate feedback, facilitating quick and effective decision-making in emergency situations.<\/p><p class=\"translation-block\">With <strong>WINGS OF LIFE<\/strong>, technology and medical expertise combine to offer exceptional aeromedical care service.<\/p>\t\t\t\t\t\t\t\t<\/div>\n\t\t\t\t<\/div>\n\t\t\t\t\t<\/div>\n\t\t\t\t<\/div>\n\t\t\t\t<\/div>\n\t\t\t\t<\/div>","protected":false},"excerpt":{"rendered":"<p>Fleet Description: Helicopter Specialists At WINGS OF LIFE, we are specialists in operating high-performance helicopters, offering a safe, efficient and quality service. Our fleet includes top-of-the-line aircraft, including the renowned Bell 206 and Bell 407 models, widely valued for their reliability, maneuverability and ability to operate in demanding conditions. These aircraft are ideal for aeromedical [&hellip;]<\/p>","protected":false},"author":1,"featured_media":0,"parent":0,"menu_order":0,"comment_status":"closed","ping_status":"closed","template":"","meta":{"footnotes":""},"class_list":["post-50","page","type-page","status-publish","hentry"],"_links":{"self":[{"href":"https:\/\/wingsoflifecr.com\/es\/wp-json\/wp\/v2\/pages\/50","targetHints":{"allow":["GET"]}}],"collection":[{"href":"https:\/\/wingsoflifecr.com\/es\/wp-json\/wp\/v2\/pages"}],"about":[{"href":"https:\/\/wingsoflifecr.com\/es\/wp-json\/wp\/v2\/types\/page"}],"author":[{"embeddable":true,"href":"https:\/\/wingsoflifecr.com\/es\/wp-json\/wp\/v2\/users\/1"}],"replies":[{"embeddable":true,"href":"https:\/\/wingsoflifecr.com\/es\/wp-json\/wp\/v2\/comments?post=50"}],"version-history":[{"count":68,"href":"https:\/\/wingsoflifecr.com\/es\/wp-json\/wp\/v2\/pages\/50\/revisions"}],"predecessor-version":[{"id":837,"href":"https:\/\/wingsoflifecr.com\/es\/wp-json\/wp\/v2\/pages\/50\/revisions\/837"}],"wp:attachment":[{"href":"https:\/\/wingsoflifecr.com\/es\/wp-json\/wp\/v2\/media?parent=50"}],"curies":[{"name":"wp","href":"https:\/\/api.w.org\/{rel}","templated":true}]}}